{"id":23,"date":"2023-10-27T14:14:17","date_gmt":"2023-10-27T12:14:17","guid":{"rendered":"https:\/\/claudianoller.de\/?page_id=23"},"modified":"2024-01-02T17:08:47","modified_gmt":"2024-01-02T16:08:47","slug":"meine-leistungen","status":"publish","type":"page","link":"https:\/\/claudianoller.de\/?page_id=23","title":{"rendered":"Meine Leistungen"},"content":{"rendered":"<div class=\"gb-container gb-container-a86deba8\">\n\n<p class=\"has-accent-color has-text-color\">PROJEKTMANAGEMENT &#8211; PROJEKTKOORDINATION &#8211; <br>INTERIMS-PROJEKTEINS\u00c4TZE<br>Und das bedeutet f\u00fcr Sie:&nbsp;<\/p>\n\n<\/div>\n\n<div class=\"gb-container gb-container-03c1e3f4\">\n\n<p>Eine durchdachte, ganzheitliche, strategische Beratung und Planung streng im Budgetrahmen. <br><br>Meine operative Umsetzung erfolgt in Absprache und Koordination mit Ihnen und Ihren Teams. <br>Auch werden Ihre externen Dienstleister, wo sinnvoll und notwendig, transparent <br>mit eingebunden.<br>DENN ALLE tragen als Zahnr\u00e4dchen zur erfolgreichen Umsetzung bei.<\/p>\n\n\n\n<p>*****<\/p>\n\n\n\n<p class=\"has-accent-color has-text-color\">ODER ben\u00f6tigen Sie gerade jetzt eine ASSISTENZ im INTERIMSEINSATZ, &#8230;<\/p>\n\n\n\n<p class=\"has-accent-color has-text-color\">&#8230; die Ihre B\u00e4lle in der Luft halten kann,<\/p>\n\n\n\n<p class=\"has-accent-color has-text-color\">&#8230; die ein kompetentes Organisationstalent ist?<\/p>\n\n\n\n<p class=\"has-accent-color has-text-color\">&#8230; die f\u00fcr Ihre Assistenz einspringt, weil sie ungl\u00fccklicherweise ausgefallen ist?<br><br>Ich unterst\u00fctze Sie sehr gerne.<br>Flexibel und mit Hands-On-Mentalit\u00e4t arbeite ich mich schnell und zuverl\u00e4ssig in Ihre Themen und Tools. <\/p>\n\n\n\n<p class=\"has-contrast-color has-text-color\">*****<\/p>\n\n<\/div>\n\n<div class=\"gb-container gb-container-7a182e85\">\n\n<p>Was biete ich Ihnen?<\/p>\n\n<\/div>\n\n<div class=\"gb-container gb-container-22317f07\">\n\n<p>Die F\u00e4higkeit, mich schnell in komplexe Systemwelten einzuarbeiten.<\/p>\n\n\n\n<p>Die F\u00e4higkeit, mit meinem Daten- und IT-technischem Verst\u00e4ndnis, <br>Dinge auf den Punkt zu bringen.<\/p>\n\n\n\n<p>Die F\u00e4higkeit, unterschiedliche Interessensgruppen an einen Tisch zu bringen.<\/p>\n\n\n\n<p>Die F\u00e4higkeit, die einzelnen Projektziele konsequent zu erf\u00fcllen.&nbsp;<\/p>\n\n\n\n<p>Die F\u00e4higkeit, sehr gut und transparent zu kommunizieren.<\/p>\n\n\n\n<p><a href=\"https:\/\/claudianoller.de\/?page_id=67\" data-type=\"page\" data-id=\"67\">Kompetent und zuverl\u00e4ssig bin ich an Ihrer Seite.&nbsp;<\/a><\/p>\n\n<\/div>","protected":false},"excerpt":{"rendered":"<p>PROJEKTMANAGEMENT &#8211; PROJEKTKOORDINATION &#8211; INTERIMS-PROJEKTEINS\u00c4TZEUnd das bedeutet f\u00fcr Sie:&nbsp; Eine durchdachte, ganzheitliche, strategische Beratung und Planung streng im Budgetrahmen. Meine operative Umsetzung erfolgt in Absprache und Koordination mit Ihnen und Ihren Teams. Auch werden Ihre externen Dienstleister, wo sinnvoll und notwendig, transparent mit eingebunden.DENN ALLE tragen als Zahnr\u00e4dchen zur erfolgreichen Umsetzung bei. ***** ODER ben\u00f6tigen &#8230; <a title=\"Meine Leistungen\" class=\"read-more\" href=\"https:\/\/claudianoller.de\/?page_id=23\" aria-label=\"Read more about Meine Leistungen\">Weiterlesen<\/a><\/p>\n","protected":false},"author":1,"featured_media":0,"parent":0,"menu_order":20,"comment_status":"closed","ping_status":"closed","template":"","meta":{"ngg_post_thumbnail":0,"footnotes":""},"_links":{"self":[{"href":"https:\/\/claudianoller.de\/index.php?rest_route=\/wp\/v2\/pages\/23"}],"collection":[{"href":"https:\/\/claudianoller.de\/index.php?rest_route=\/wp\/v2\/pages"}],"about":[{"href":"https:\/\/claudianoller.de\/index.php?rest_route=\/wp\/v2\/types\/page"}],"author":[{"embeddable":true,"href":"https:\/\/claudianoller.de\/index.php?rest_route=\/wp\/v2\/users\/1"}],"replies":[{"embeddable":true,"href":"https:\/\/claudianoller.de\/index.php?rest_route=%2Fwp%2Fv2%2Fcomments&post=23"}],"version-history":[{"count":39,"href":"https:\/\/claudianoller.de\/index.php?rest_route=\/wp\/v2\/pages\/23\/revisions"}],"predecessor-version":[{"id":333,"href":"https:\/\/claudianoller.de\/index.php?rest_route=\/wp\/v2\/pages\/23\/revisions\/333"}],"wp:attachment":[{"href":"https:\/\/claudianoller.de\/index.php?rest_route=%2Fwp%2Fv2%2Fmedia&parent=23"}],"curies":[{"name":"wp","href":"https:\/\/api.w.org\/{rel}","templated":true}]}}