{"id":27,"date":"2023-10-27T14:28:02","date_gmt":"2023-10-27T12:28:02","guid":{"rendered":"https:\/\/claudianoller.de\/?page_id=27"},"modified":"2024-01-02T14:14:42","modified_gmt":"2024-01-02T13:14:42","slug":"erfolgreiche-projekte","status":"publish","type":"page","link":"https:\/\/claudianoller.de\/?page_id=27","title":{"rendered":"Erfolgreiche Projekte"},"content":{"rendered":"<div class=\"gb-container gb-container-755971c5\">\n<div class=\"gb-container gb-container-d95a8759\">\n\n<p>im LUXUSUMFELD<\/p>\n\n<\/div>\n\n<div class=\"gb-container gb-container-3c7cdc99\">\n\n<p>Ausarbeitung \/ Gestaltung von exklusiven Reisen f\u00fcr 40 Personen, z.B. 12 Tage Singapur im 5 Sterne Hotel in Kombination mit einem Aufenthalt im 5 Sterne Resort auf Bali mit Ausflugsprogramm, u.a. nach Malaysia, Workshops inkl. Vor-Ort-Betreuung I f\u00fcnf-t\u00e4gige Schottland-Reise mit Thema Whiskey und Kultur I f\u00fcnf-t\u00e4gige Paris-Reise inkl. Messebesuch<br>*****<br>Im Projektteam eines Domecars (Glaskuppelzug), welcher komplett entkernt und neu aufgebaut wird (als Privat- \/ Gesch\u00e4ftsreisewagon exklusiv f\u00fcr max. 20 Pax, f\u00fcr exklusive Business (MICE) Konzepte wie Workshops, Produktpr\u00e4sentationen, Roadshows etc.).<\/p>\n\n\n\n<p>Im Konzept vereint sich einzigartig, dass der Kunde alles selbst bestimmt: Zeitpunkt, Dauer, Strecke, \u201eCatering\u201c (Luxon  &#8211; by RailAdventure GmbH)<\/p>\n\n\n<div class=\"gb-container gb-container-0e1de48b\">\n\n<p class=\"has-accent-color has-text-color\">im EVENTUMFELD<\/p>\n\n<\/div>\n\n<div class=\"gb-container gb-container-79a87e1a\">\n\n<p class=\"has-contrast-color has-text-color\">Ausarbeitung von hochkar\u00e4tigen Events und Betreuung w\u00e4hrend des Hahnenkammrennens in Kitzb\u00fchel (u.a. US und kanadische Skiteams).<br>*****<br>Mehrfache Mitwirkung und Etablierung der Veranstaltung &#8222;Blaue Blume Award&#8220; der Mainstream Media AG.<\/p>\n\n\n<div class=\"gb-container gb-container-44af07c6\">\n\n<p>im STIFTUNGSUMFELD<\/p>\n\n<\/div>\n\n\n<p>Event-Projektleitung und Koordination mehrerer Parteien und Dienstleister f\u00fcr die TV-Produktion Jos\u00e9 Carreras Spenden-Gala 2013 inkl. Dokumentation: erstmalige Ausstrahlung im Pay TV auf der Sky Plattform als Free TV Slot im Auftrag der Mainstream Media AG.<br>*****<br>Projektleitung f\u00fcr die sechs-t\u00e4gige Konferenz der Weltreligionen mit 900 Delegierten aus \u00fcber 100 Nationen im August 2019 mit den Verantwortungsbereichen: Catering und Auslastung der R\u00e4umlichkeiten f\u00fcr Konferenz, Ausstellungen, Workshops, Abendveranstaltungen, Ground Transportation, IT-Anbindung, Branding und Erstellung der Konferenzmaterialien<\/p>\n\n<\/div>\n\n<div class=\"gb-container gb-container-1fa9d336\">\n\n<p class=\"has-accent-color has-text-color\"><strong>AUSGEW\u00c4HLTE REFERENZEN<\/strong><\/p>\n\n<\/div>\n\n\n<p class=\"has-contrast-color has-text-color\">Amazon.de GmbH &#8211; Extreme Networks GmbH &#8211; Aruba Networks &#8211; Arista Networks GmbH &#8211; <br>Vogel IT-Medien GmbH &#8211; Palo Alto Germany GmbH &#8211; SES Germany GmbH &#8211; Mainstream Media AG &#8211; <br>RailAdventure GmbH &#8211; Sky Deutschland GmbH &#8211; Stiftung Friedensdialog der Weltreligionen und <br>Zivilgesellschaft SdbR &#8211; Radware<\/p>\n\n\n\n<p class=\"has-contrast-color has-text-color\">Profitieren Sie von meinen Erfahrungen aus unterschiedlichen Branchen, meinem Netzwerk und <br>meinem \u00b4Out-of-the-box\u00b4 \u2013 Denken!<\/p>\n\n<\/div>\n<\/div>","protected":false},"excerpt":{"rendered":"<p>im LUXUSUMFELD Ausarbeitung \/ Gestaltung von exklusiven Reisen f\u00fcr 40 Personen, z.B. 12 Tage Singapur im 5 Sterne Hotel in Kombination mit einem Aufenthalt im 5 Sterne Resort auf Bali mit Ausflugsprogramm, u.a. nach Malaysia, Workshops inkl. Vor-Ort-Betreuung I f\u00fcnf-t\u00e4gige Schottland-Reise mit Thema Whiskey und Kultur I f\u00fcnf-t\u00e4gige Paris-Reise inkl. Messebesuch*****Im Projektteam eines Domecars (Glaskuppelzug), &#8230; <a title=\"Erfolgreiche Projekte\" class=\"read-more\" href=\"https:\/\/claudianoller.de\/?page_id=27\" aria-label=\"Read more about Erfolgreiche Projekte\">Weiterlesen<\/a><\/p>\n","protected":false},"author":1,"featured_media":0,"parent":0,"menu_order":40,"comment_status":"closed","ping_status":"closed","template":"","meta":{"ngg_post_thumbnail":0,"footnotes":""},"_links":{"self":[{"href":"https:\/\/claudianoller.de\/index.php?rest_route=\/wp\/v2\/pages\/27"}],"collection":[{"href":"https:\/\/claudianoller.de\/index.php?rest_route=\/wp\/v2\/pages"}],"about":[{"href":"https:\/\/claudianoller.de\/index.php?rest_route=\/wp\/v2\/types\/page"}],"author":[{"embeddable":true,"href":"https:\/\/claudianoller.de\/index.php?rest_route=\/wp\/v2\/users\/1"}],"replies":[{"embeddable":true,"href":"https:\/\/claudianoller.de\/index.php?rest_route=%2Fwp%2Fv2%2Fcomments&post=27"}],"version-history":[{"count":32,"href":"https:\/\/claudianoller.de\/index.php?rest_route=\/wp\/v2\/pages\/27\/revisions"}],"predecessor-version":[{"id":331,"href":"https:\/\/claudianoller.de\/index.php?rest_route=\/wp\/v2\/pages\/27\/revisions\/331"}],"wp:attachment":[{"href":"https:\/\/claudianoller.de\/index.php?rest_route=%2Fwp%2Fv2%2Fmedia&parent=27"}],"curies":[{"name":"wp","href":"https:\/\/api.w.org\/{rel}","templated":true}]}}