{"id":39,"date":"2023-10-24T19:27:17","date_gmt":"2023-10-24T17:27:17","guid":{"rendered":"https:\/\/claudianoller.de\/?page_id=39"},"modified":"2024-01-02T13:50:46","modified_gmt":"2024-01-02T12:50:46","slug":"wie-schoen-dass-sie-da-sind","status":"publish","type":"page","link":"https:\/\/claudianoller.de\/","title":{"rendered":"Interims-Projektkoordination"},"content":{"rendered":"<div class=\"gb-container gb-container-04bd1f65\">\n\n<p class=\"has-accent-color has-text-color\">INTERIMS &#8211; PROJEKT &#8211; EINS\u00c4TZE als L\u00f6sung f\u00fcr Sie.<\/p>\n\n<\/div>\n\n<div class=\"gb-container gb-container-037963ab\">\n\n<p>Zeitprobleme f\u00fcr Ihr Projekt? Meine Projekteins\u00e4tze als Zwischenl\u00f6sung helfen Ihnen.<\/p>\n\n\n\n<p>Ja, ich bin eine waschechte Generalistin, breit aufgestellt, vielseitig interessiert und stolz darauf, so vieles gemacht und im Business erlebt zu haben.<br><br>Als verantwortungsbewusste Denkerin und Lenkerin mit hoher Qualit\u00e4ts- , Ziel und Dienstleistungsorientierung unterst\u00fctze ich Sie, wenn Ihre Zeit knapp wird, Ihre Ressourcen begrenzt sind und die Deadline des Projektendes sich unweigerlich n\u00e4hert.<br><br><br>Als Diplom-Ingenieurin kombiniere ich technisches KnowHow mit breitem Medien- und Marketingverst\u00e4ndnis und nutze meine Erfahrungen als Selbstst\u00e4ndige seit 2011 aus den Branchen IT, Medien, Tourismus, Akademien, mittelst\u00e4ndischen Industrieunternehmen, Stiftungen.<\/p>\n\n\n\n<figure class=\"wp-block-image size-full is-style-rounded\"><img decoding=\"async\" loading=\"lazy\" width=\"1221\" height=\"640\" src=\"https:\/\/claudianoller.de\/wp-content\/uploads\/2023\/10\/Foto-Claudia-Benin-Sep23-1.jpg\" alt=\"\" class=\"wp-image-56\" srcset=\"https:\/\/claudianoller.de\/wp-content\/uploads\/2023\/10\/Foto-Claudia-Benin-Sep23-1.jpg 1221w, https:\/\/claudianoller.de\/wp-content\/uploads\/2023\/10\/Foto-Claudia-Benin-Sep23-1-300x157.jpg 300w, https:\/\/claudianoller.de\/wp-content\/uploads\/2023\/10\/Foto-Claudia-Benin-Sep23-1-1024x537.jpg 1024w, https:\/\/claudianoller.de\/wp-content\/uploads\/2023\/10\/Foto-Claudia-Benin-Sep23-1-768x403.jpg 768w\" sizes=\"(max-width: 1221px) 100vw, 1221px\" \/><figcaption class=\"wp-element-caption\">Quelle: privat<\/figcaption><\/figure>\n\n<\/div>","protected":false},"excerpt":{"rendered":"<p>INTERIMS &#8211; PROJEKT &#8211; EINS\u00c4TZE als L\u00f6sung f\u00fcr Sie. Zeitprobleme f\u00fcr Ihr Projekt? Meine Projekteins\u00e4tze als Zwischenl\u00f6sung helfen Ihnen. Ja, ich bin eine waschechte Generalistin, breit aufgestellt, vielseitig interessiert und stolz darauf, so vieles gemacht und im Business erlebt zu haben. Als verantwortungsbewusste Denkerin und Lenkerin mit hoher Qualit\u00e4ts- , Ziel und Dienstleistungsorientierung unterst\u00fctze ich &#8230; <a title=\"Interims-Projektkoordination\" class=\"read-more\" href=\"https:\/\/claudianoller.de\/\" aria-label=\"Read more about Interims-Projektkoordination\">Weiterlesen<\/a><\/p>\n","protected":false},"author":1,"featured_media":0,"parent":0,"menu_order":0,"comment_status":"closed","ping_status":"closed","template":"","meta":{"ngg_post_thumbnail":0,"footnotes":""},"_links":{"self":[{"href":"https:\/\/claudianoller.de\/index.php?rest_route=\/wp\/v2\/pages\/39"}],"collection":[{"href":"https:\/\/claudianoller.de\/index.php?rest_route=\/wp\/v2\/pages"}],"about":[{"href":"https:\/\/claudianoller.de\/index.php?rest_route=\/wp\/v2\/types\/page"}],"author":[{"embeddable":true,"href":"https:\/\/claudianoller.de\/index.php?rest_route=\/wp\/v2\/users\/1"}],"replies":[{"embeddable":true,"href":"https:\/\/claudianoller.de\/index.php?rest_route=%2Fwp%2Fv2%2Fcomments&post=39"}],"version-history":[{"count":25,"href":"https:\/\/claudianoller.de\/index.php?rest_route=\/wp\/v2\/pages\/39\/revisions"}],"predecessor-version":[{"id":330,"href":"https:\/\/claudianoller.de\/index.php?rest_route=\/wp\/v2\/pages\/39\/revisions\/330"}],"wp:attachment":[{"href":"https:\/\/claudianoller.de\/index.php?rest_route=%2Fwp%2Fv2%2Fmedia&parent=39"}],"curies":[{"name":"wp","href":"https:\/\/api.w.org\/{rel}","templated":true}]}}