{"id":67,"date":"2023-10-24T20:00:36","date_gmt":"2023-10-24T18:00:36","guid":{"rendered":"https:\/\/claudianoller.de\/?page_id=67"},"modified":"2023-12-05T20:34:16","modified_gmt":"2023-12-05T19:34:16","slug":"kontakt","status":"publish","type":"page","link":"https:\/\/claudianoller.de\/?page_id=67","title":{"rendered":"Kontakt"},"content":{"rendered":"<div class=\"gb-container gb-container-7751ec74\">\n\n<p class=\"has-text-align-center\">Claudia Noller, M\u00fcnchen     <br><a href=\"mailto:info@claudianoller.de\">info@claudianoller.de<\/a><br>0175 5871775<\/p>\n\n<\/div>\n\n<div class=\"gb-container gb-container-4bc9d691\">\n\n<p>Erfolgreiche Interims-Projekteins\u00e4tze f\u00fcr Ihr Unternehmen &#8211; <\/p>\n\n\n\n<p>mit Lust am Zupacken <br>und mit Lust, <br>Ihre B\u00e4lle in der Luft zu jonglieren.<\/p>\n\n\n\n<p>Ich freue mich \u00fcber Ihre unverbindliche Kontaktaufnahme!<\/p>\n\n<\/div>\n\n<div class=\"gb-container gb-container-cb52c46c\"><\/div>\n\n\n<figure class=\"wp-block-image size-full is-style-default\"><img decoding=\"async\" loading=\"lazy\" width=\"1549\" height=\"2560\" src=\"https:\/\/claudianoller.de\/wp-content\/uploads\/2023\/10\/Foto-Illustratorin-Veronika-Gruhl-Juni23-2-scaled.jpg\" alt=\"Projektkoordination Claudia Noller by Veronika Gruhl\" class=\"wp-image-11\" style=\"aspect-ratio:2\/3;object-fit:cover\" srcset=\"https:\/\/claudianoller.de\/wp-content\/uploads\/2023\/10\/Foto-Illustratorin-Veronika-Gruhl-Juni23-2-scaled.jpg 1549w, https:\/\/claudianoller.de\/wp-content\/uploads\/2023\/10\/Foto-Illustratorin-Veronika-Gruhl-Juni23-2-182x300.jpg 182w, https:\/\/claudianoller.de\/wp-content\/uploads\/2023\/10\/Foto-Illustratorin-Veronika-Gruhl-Juni23-2-620x1024.jpg 620w, https:\/\/claudianoller.de\/wp-content\/uploads\/2023\/10\/Foto-Illustratorin-Veronika-Gruhl-Juni23-2-768x1269.jpg 768w, https:\/\/claudianoller.de\/wp-content\/uploads\/2023\/10\/Foto-Illustratorin-Veronika-Gruhl-Juni23-2-930x1536.jpg 930w, https:\/\/claudianoller.de\/wp-content\/uploads\/2023\/10\/Foto-Illustratorin-Veronika-Gruhl-Juni23-2-1240x2048.jpg 1240w\" sizes=\"(max-width: 1549px) 100vw, 1549px\" \/><\/figure>\n\n\n\n<p class=\"has-small-font-size\">Quelle: Veronika Gruhl<\/p>\n","protected":false},"excerpt":{"rendered":"<p>Claudia Noller, M\u00fcnchen info@claudianoller.de0175 5871775 Erfolgreiche Interims-Projekteins\u00e4tze f\u00fcr Ihr Unternehmen &#8211; mit Lust am Zupacken und mit Lust, Ihre B\u00e4lle in der Luft zu jonglieren. Ich freue mich \u00fcber Ihre unverbindliche Kontaktaufnahme! Quelle: Veronika Gruhl<\/p>\n","protected":false},"author":1,"featured_media":0,"parent":0,"menu_order":20,"comment_status":"closed","ping_status":"closed","template":"","meta":{"ngg_post_thumbnail":0,"footnotes":""},"_links":{"self":[{"href":"https:\/\/claudianoller.de\/index.php?rest_route=\/wp\/v2\/pages\/67"}],"collection":[{"href":"https:\/\/claudianoller.de\/index.php?rest_route=\/wp\/v2\/pages"}],"about":[{"href":"https:\/\/claudianoller.de\/index.php?rest_route=\/wp\/v2\/types\/page"}],"author":[{"embeddable":true,"href":"https:\/\/claudianoller.de\/index.php?rest_route=\/wp\/v2\/users\/1"}],"replies":[{"embeddable":true,"href":"https:\/\/claudianoller.de\/index.php?rest_route=%2Fwp%2Fv2%2Fcomments&post=67"}],"version-history":[{"count":16,"href":"https:\/\/claudianoller.de\/index.php?rest_route=\/wp\/v2\/pages\/67\/revisions"}],"predecessor-version":[{"id":306,"href":"https:\/\/claudianoller.de\/index.php?rest_route=\/wp\/v2\/pages\/67\/revisions\/306"}],"wp:attachment":[{"href":"https:\/\/claudianoller.de\/index.php?rest_route=%2Fwp%2Fv2%2Fmedia&parent=67"}],"curies":[{"name":"wp","href":"https:\/\/api.w.org\/{rel}","templated":true}]}}